{"id":7007,"date":"2019-05-22T11:20:32","date_gmt":"2019-05-22T09:20:32","guid":{"rendered":"https:\/\/www.johanneswildner.com?page_id=7007"},"modified":"2019-05-22T11:21:38","modified_gmt":"2019-05-22T09:21:38","slug":"privacy-policy","status":"publish","type":"page","link":"https:\/\/www.johanneswildner.com\/en\/privacy-policy\/","title":{"rendered":"PRIVACY POLICY"},"content":{"rendered":"<section class=\"l-section wpb_row height_medium\"><div class=\"l-section-h i-cf\"><div class=\"g-cols vc_row via_flex valign_top type_default stacking_default\"><div class=\"vc_col-sm-12 wpb_column vc_column_container\"><div class=\"vc_column-inner\"><div class=\"wpb_wrapper\"><div class=\"wpb_text_column\"><div class=\"wpb_wrapper\"><p><strong>Informationspflicht lt. \u00a75 Abs. 1 E-Commerce-Gesetz (ECG) bzw. Offenlegung gem\u00e4\u00df \u00a725 Abs 5 MedG<\/strong><\/p>\n<p><strong>F\u00fcr den Inhalt verantwortlich<\/strong><br \/>\nMag. Esther Schollum<br \/>\nEsther Schollum Artists\u2019 Management<br \/>\nGuntramsdorferstra\u00dfe 12\/2<br \/>\n2340 M\u00f6dling<br \/>\n\u00d6sterreich<\/p>\n<p>UID: ATU 37690405<\/p>\n<p>Mitglied der Wirtschaftskammer Wien<br \/>\nFachgruppe | Freizeitbetriebe<br \/>\nBerufsgruppe | K\u00fcnstlermanagement-Vermittl.v.Werkvertr.f.Selbst.K\u00fcnstler<\/p>\n<p>Mitglied der International Artists Managers\u2019 Association IAMA | www.iamaworld.com<\/p>\n<p><strong>Unternehmensgegenstand<\/strong><br \/>\nK\u00fcnstlervermittlung und -management im In- und Ausland<br \/>\nKonzertvermittlung<br \/>\nBeratung, (Arbeits-) Vermittlung von Dirigenten, Musikern und Kammerensembles zu<br \/>\nB\u00fchnen, Orchestern und Ch\u00f6ren<br \/>\nAllgemein Arbeitsvermittlung f\u00fcr Werkvertr\u00e4ge<br \/>\nTourneeorganisation von K\u00fcnstlern, Ensembles, Ch\u00f6ren und Orchestern<br \/>\nBlattlinie<br \/>\nDetaillierte Pr\u00e4sentation von K\u00fcnstlern zu Werbe- und Verkaufszwecken sowie Information \u00fcber Dienstleistungen des Unternehmens<\/p>\n<p><strong>Urheberrecht<\/strong><br \/>\nLayout und Inhalt dieser Website sind urheberrechtlich gesch\u00fctzt. Alle Rechte, auch die der \u00dcbersetzung, des Nachdrucks und der Vervielf\u00e4ltigung, liegen bei Esther Schollum Artists\u2019 Management. Der Inhalt dieser Seiten darf nur mit schriftlicher Genehmigung reproduziert und verbreitet werden. Ausgenommen davon sind die Verwendung des unver\u00e4nderten Inhalts zu pers\u00f6nlichen und nicht-kommerziellen Zwecken.<\/p>\n<p>Links zu anderen Websites wurden sorgf\u00e4ltig ausgew\u00e4hlt. Auf deren Inhalt hat Esther Schollum Artists\u2019 Management aber keinen Einfluss und kann daher keine diesbez\u00fcgliche Verantwortung \u00fcbernehmen.<\/p>\n<\/div><\/div><\/div><\/div><\/div><\/div><\/div><\/section>\n","protected":false},"excerpt":{"rendered":"Informationspflicht lt. \u00a75 Abs. 1 E-Commerce-Gesetz (ECG) bzw. Offenlegung gem\u00e4\u00df \u00a725 Abs 5 MedG F\u00fcr den Inhalt verantwortlich Mag. Esther Schollum Esther Schollum Artists\u2019 Management Guntramsdorferstra\u00dfe 12\/2 2340 M\u00f6dling \u00d6sterreich UID: ATU 37690405 Mitglied der Wirtschaftskammer Wien Fachgruppe | Freizeitbetriebe Berufsgruppe | K\u00fcnstlermanagement-Vermittl.v.Werkvertr.f.Selbst.K\u00fcnstler Mitglied der International Artists Managers\u2019 Association IAMA | www.iamaworld.com Unternehmensgegenstand K\u00fcnstlervermittlung und...","protected":false},"author":2,"featured_media":0,"parent":0,"menu_order":0,"comment_status":"closed","ping_status":"closed","template":"","meta":{"footnotes":""},"class_list":["post-7007","page","type-page","status-publish","hentry"],"yoast_head":"<!-- This site is optimized with the Yoast SEO plugin v27.4 - https:\/\/yoast.com\/product\/yoast-seo-wordpress\/ -->\n<title>PRIVACY POLICY - Johannes Wildner - Conductor<\/title>\n<meta name=\"robots\" content=\"index, follow, max-snippet:-1, max-image-preview:large, max-video-preview:-1\" \/>\n<link rel=\"canonical\" href=\"https:\/\/www.johanneswildner.com\/en\/privacy-policy\/\" \/>\n<meta property=\"og:locale\" content=\"en_US\" \/>\n<meta property=\"og:type\" content=\"article\" \/>\n<meta property=\"og:title\" content=\"PRIVACY POLICY - Johannes Wildner - Conductor\" \/>\n<meta property=\"og:url\" content=\"https:\/\/www.johanneswildner.com\/en\/privacy-policy\/\" \/>\n<meta property=\"og:site_name\" content=\"Johannes Wildner - Conductor\" \/>\n<meta property=\"article:modified_time\" content=\"2019-05-22T09:21:38+00:00\" \/>\n<meta name=\"twitter:card\" content=\"summary_large_image\" \/>\n<meta name=\"twitter:label1\" content=\"Est. reading time\" \/>\n\t<meta name=\"twitter:data1\" content=\"1 minute\" \/>\n<script type=\"application\/ld+json\" class=\"yoast-schema-graph\">{\"@context\":\"https:\\\/\\\/schema.org\",\"@graph\":[{\"@type\":\"WebPage\",\"@id\":\"https:\\\/\\\/www.johanneswildner.com\\\/en\\\/privacy-policy\\\/\",\"url\":\"https:\\\/\\\/www.johanneswildner.com\\\/en\\\/privacy-policy\\\/\",\"name\":\"PRIVACY POLICY - Johannes Wildner - Conductor\",\"isPartOf\":{\"@id\":\"https:\\\/\\\/www.johanneswildner.com\\\/#website\"},\"datePublished\":\"2019-05-22T09:20:32+00:00\",\"dateModified\":\"2019-05-22T09:21:38+00:00\",\"breadcrumb\":{\"@id\":\"https:\\\/\\\/www.johanneswildner.com\\\/en\\\/privacy-policy\\\/#breadcrumb\"},\"inLanguage\":\"en-US\",\"potentialAction\":[{\"@type\":\"ReadAction\",\"target\":[\"https:\\\/\\\/www.johanneswildner.com\\\/en\\\/privacy-policy\\\/\"]}]},{\"@type\":\"BreadcrumbList\",\"@id\":\"https:\\\/\\\/www.johanneswildner.com\\\/en\\\/privacy-policy\\\/#breadcrumb\",\"itemListElement\":[{\"@type\":\"ListItem\",\"position\":1,\"name\":\"Startseite\",\"item\":\"https:\\\/\\\/www.johanneswildner.com\\\/en\\\/\"},{\"@type\":\"ListItem\",\"position\":2,\"name\":\"PRIVACY POLICY\"}]},{\"@type\":\"WebSite\",\"@id\":\"https:\\\/\\\/www.johanneswildner.com\\\/#website\",\"url\":\"https:\\\/\\\/www.johanneswildner.com\\\/\",\"name\":\"Johannes Wildner - Conductor\",\"description\":\"\",\"potentialAction\":[{\"@type\":\"SearchAction\",\"target\":{\"@type\":\"EntryPoint\",\"urlTemplate\":\"https:\\\/\\\/www.johanneswildner.com\\\/?s={search_term_string}\"},\"query-input\":{\"@type\":\"PropertyValueSpecification\",\"valueRequired\":true,\"valueName\":\"search_term_string\"}}],\"inLanguage\":\"en-US\"}]}<\/script>\n<!-- \/ Yoast SEO plugin. -->","yoast_head_json":{"title":"PRIVACY POLICY - Johannes Wildner - Conductor","robots":{"index":"index","follow":"follow","max-snippet":"max-snippet:-1","max-image-preview":"max-image-preview:large","max-video-preview":"max-video-preview:-1"},"canonical":"https:\/\/www.johanneswildner.com\/en\/privacy-policy\/","og_locale":"en_US","og_type":"article","og_title":"PRIVACY POLICY - Johannes Wildner - Conductor","og_url":"https:\/\/www.johanneswildner.com\/en\/privacy-policy\/","og_site_name":"Johannes Wildner - Conductor","article_modified_time":"2019-05-22T09:21:38+00:00","twitter_card":"summary_large_image","twitter_misc":{"Est. reading time":"1 minute"},"schema":{"@context":"https:\/\/schema.org","@graph":[{"@type":"WebPage","@id":"https:\/\/www.johanneswildner.com\/en\/privacy-policy\/","url":"https:\/\/www.johanneswildner.com\/en\/privacy-policy\/","name":"PRIVACY POLICY - Johannes Wildner - Conductor","isPartOf":{"@id":"https:\/\/www.johanneswildner.com\/#website"},"datePublished":"2019-05-22T09:20:32+00:00","dateModified":"2019-05-22T09:21:38+00:00","breadcrumb":{"@id":"https:\/\/www.johanneswildner.com\/en\/privacy-policy\/#breadcrumb"},"inLanguage":"en-US","potentialAction":[{"@type":"ReadAction","target":["https:\/\/www.johanneswildner.com\/en\/privacy-policy\/"]}]},{"@type":"BreadcrumbList","@id":"https:\/\/www.johanneswildner.com\/en\/privacy-policy\/#breadcrumb","itemListElement":[{"@type":"ListItem","position":1,"name":"Startseite","item":"https:\/\/www.johanneswildner.com\/en\/"},{"@type":"ListItem","position":2,"name":"PRIVACY POLICY"}]},{"@type":"WebSite","@id":"https:\/\/www.johanneswildner.com\/#website","url":"https:\/\/www.johanneswildner.com\/","name":"Johannes Wildner - Conductor","description":"","potentialAction":[{"@type":"SearchAction","target":{"@type":"EntryPoint","urlTemplate":"https:\/\/www.johanneswildner.com\/?s={search_term_string}"},"query-input":{"@type":"PropertyValueSpecification","valueRequired":true,"valueName":"search_term_string"}}],"inLanguage":"en-US"}]}},"_links":{"self":[{"href":"https:\/\/www.johanneswildner.com\/en\/wp-json\/wp\/v2\/pages\/7007","targetHints":{"allow":["GET"]}}],"collection":[{"href":"https:\/\/www.johanneswildner.com\/en\/wp-json\/wp\/v2\/pages"}],"about":[{"href":"https:\/\/www.johanneswildner.com\/en\/wp-json\/wp\/v2\/types\/page"}],"author":[{"embeddable":true,"href":"https:\/\/www.johanneswildner.com\/en\/wp-json\/wp\/v2\/users\/2"}],"replies":[{"embeddable":true,"href":"https:\/\/www.johanneswildner.com\/en\/wp-json\/wp\/v2\/comments?post=7007"}],"version-history":[{"count":1,"href":"https:\/\/www.johanneswildner.com\/en\/wp-json\/wp\/v2\/pages\/7007\/revisions"}],"predecessor-version":[{"id":7008,"href":"https:\/\/www.johanneswildner.com\/en\/wp-json\/wp\/v2\/pages\/7007\/revisions\/7008"}],"wp:attachment":[{"href":"https:\/\/www.johanneswildner.com\/en\/wp-json\/wp\/v2\/media?parent=7007"}],"curies":[{"name":"wp","href":"https:\/\/api.w.org\/{rel}","templated":true}]}}